{"id":1057,"date":"2025-12-17T20:43:53","date_gmt":"2025-12-17T20:43:53","guid":{"rendered":"https:\/\/destino-maktub.net\/Radio\/?page_id=1057"},"modified":"2025-12-17T21:43:23","modified_gmt":"2025-12-17T21:43:23","slug":"%f0%9f%94%8a-pidenos-tu-cancion","status":"publish","type":"page","link":"https:\/\/destino-maktub.net\/Radio\/%f0%9f%94%8a-pidenos-tu-cancion\/","title":{"rendered":"\ud83d\udd0a P\u00eddenos tu Canci\u00f3n"},"content":{"rendered":"<p><img loading=\"lazy\" decoding=\"async\" class=\"aligncenter wp-image-1090\" src=\"https:\/\/destino-maktub.net\/Radio\/wp-content\/uploads\/2025\/12\/Tex-pide-tu-cancion-300x45.png\" alt=\"\" width=\"373\" height=\"56\" srcset=\"https:\/\/destino-maktub.net\/Radio\/wp-content\/uploads\/2025\/12\/Tex-pide-tu-cancion-300x45.png 300w, https:\/\/destino-maktub.net\/Radio\/wp-content\/uploads\/2025\/12\/Tex-pide-tu-cancion.png 552w\" sizes=\"auto, (max-width: 373px) 100vw, 373px\" \/><\/p>\n<p style=\"text-align: center;\"><strong><img loading=\"lazy\" decoding=\"async\" class=\"aligncenter wp-image-636\" src=\"https:\/\/destino-maktub.net\/Radio\/wp-content\/uploads\/2025\/08\/emojis.com-3d-smiley-emoji-round-shape-in-love_-loving-smiley-couple-with-shared-headphones-300x300.png\" alt=\"\" width=\"143\" height=\"143\" srcset=\"https:\/\/destino-maktub.net\/Radio\/wp-content\/uploads\/2025\/08\/emojis.com-3d-smiley-emoji-round-shape-in-love_-loving-smiley-couple-with-shared-headphones-300x300.png 300w, https:\/\/destino-maktub.net\/Radio\/wp-content\/uploads\/2025\/08\/emojis.com-3d-smiley-emoji-round-shape-in-love_-loving-smiley-couple-with-shared-headphones-150x150.png 150w, https:\/\/destino-maktub.net\/Radio\/wp-content\/uploads\/2025\/08\/emojis.com-3d-smiley-emoji-round-shape-in-love_-loving-smiley-couple-with-shared-headphones-768x768.png 768w, https:\/\/destino-maktub.net\/Radio\/wp-content\/uploads\/2025\/08\/emojis.com-3d-smiley-emoji-round-shape-in-love_-loving-smiley-couple-with-shared-headphones.png 917w\" sizes=\"auto, (max-width: 143px) 100vw, 143px\" \/><\/strong><\/p>\n<p><img loading=\"lazy\" decoding=\"async\" class=\"aligncenter size-medium wp-image-1095\" src=\"https:\/\/destino-maktub.net\/Radio\/wp-content\/uploads\/2025\/12\/2bases-para-peticion-cancion-300x76.png\" alt=\"\" width=\"300\" height=\"76\" srcset=\"https:\/\/destino-maktub.net\/Radio\/wp-content\/uploads\/2025\/12\/2bases-para-peticion-cancion-300x76.png 300w, https:\/\/destino-maktub.net\/Radio\/wp-content\/uploads\/2025\/12\/2bases-para-peticion-cancion.png 765w\" sizes=\"auto, (max-width: 300px) 100vw, 300px\" \/><\/p>\n<h5 style=\"text-align: center;\"><span style=\"font-family: book antiqua, palatino, serif;\"><strong>Recuerda esto, ind\u00edcanos todo lo que puedas, gracias.<\/strong><\/span><\/h5>\n<p>&nbsp;<\/p>\n<p>&nbsp;<\/p>\n<p><code>\r\n        \r\n\r\n                <form class=\"wpuf-form-add weforms-1082  wpuf-style\" action=\"\" method=\"post\"   id=\"\">\r\n\r\n            <ul class=\"wpuf-form form-label-above\">\r\n\r\n                        <li class=\"wpuf-el your-name\" data-label=\"Tu nombre o nick\">\r\n                    <div class=\"wpuf-label\">\r\n            <label for=\"your-name_1082\">Tu nombre o nick <span class=\"required\">*<\/span><\/label>\r\n        <\/div>\r\n        \r\n            <div class=\"wpuf-fields\">\r\n                <input\r\n                    class=\"textfield wpuf_your-name_1082\"\r\n                    id=\"your-name_1082\"\r\n                    type=\"text\"\r\n                    data-duplicate=\"no\"\r\n                    data-required=\"yes\"\r\n                    data-type=\"text\" name=\"your-name\"\r\n                    placeholder=\"\"\r\n                    value=\"\"\r\n                    size=\"\"\r\n                    data-style=\"wpuf-style\"\r\n                \/>\r\n\r\n                <span class=\"wpuf-wordlimit-message wpuf-help\"><\/span>\r\n                            <\/div>\r\n                    <\/li>\r\n                <li class=\"wpuf-el your-email\" data-label=\"Tu correo electr\u00f3nico\">\r\n                    <div class=\"wpuf-label\">\r\n            <label for=\"your-email_1082\">Tu correo electr\u00f3nico <span class=\"required\">*<\/span><\/label>\r\n        <\/div>\r\n        \r\n            <div class=\"wpuf-fields\">\r\n                <input\r\n                    id=\"your-email_1082\"\r\n                    type=\"email\"\r\n                    class=\"email  wpuf_your-email_1082\"\r\n                    data-duplicate=\"no\"\r\n                    data-required=\"yes\"\r\n                    data-type=\"email\"\r\n                    data-style=\"wpuf-style\"\r\n                    name=\"your-email\"\r\n                    placeholder=\"\"\r\n                    value=\"\"\r\n                    size=\"\"\r\n                    autocomplete=\"email\"\r\n                \/>\r\n                            <\/div>\r\n        <\/li>\r\n                <li class=\"wpuf-el your-message\" data-label=\"Tu mensaje (opcional)\">\r\n                    <div class=\"wpuf-label\">\r\n            <label for=\"your-message_1082\">Tu mensaje (opcional)<\/label>\r\n        <\/div>\r\n                                    <div class=\"wpuf-fields\">\r\n            \r\n                                    <textarea\r\n                        class=\"textareafield  wpuf_your-message_1082\"\r\n                        id=\"your-message_1082\"\r\n                        name=\"your-message\"\r\n                        data-required=\"no\"\r\n                        data-type=\"textarea\"\r\n                        placeholder=\"\"\r\n                        rows=\"5\"\r\n                        cols=\"25\"\r\n                        data-style=\"wpuf-style\"\r\n                    ><\/textarea>\r\n                    <span class=\"wpuf-wordlimit-message wpuf-help\"><\/span>\r\n\r\n                \r\n                        <\/div><\/li>\r\n                <li class=\"wpuf-el date-718\" data-label=\"date-718\">\r\n                    <div class=\"wpuf-label\">\r\n            <label for=\"date-718_0\">date-718<\/label>\r\n        <\/div>\r\n        \r\n            <div class=\"wpuf-fields\">\r\n                <input\r\n                    id=\"wpuf-date-date-718\"\r\n                    type=\"text\"\r\n                                        class=\"datepicker  wpuf_date-718_1082\"\r\n                    data-required=\"no\"\r\n                    data-type=\"text\"\r\n                    data-style=\"wpuf-style\"\r\n                    name=\"date-718\"\r\n                    placeholder=\"dd\/mm\/yy\"\r\n                    value=\"\"\r\n                    size=\"30\"\r\n                \/>\r\n                            <\/div>\r\n        <\/li>\r\n                <li class=\"wpuf-submit\">\r\n            <div class=\"wpuf-label\">\r\n                &nbsp;\r\n            <\/div>\r\n\r\n            <input type=\"hidden\" id=\"_wpnonce\" name=\"_wpnonce\" value=\"30bff525cd\" \/><input type=\"hidden\" name=\"_wp_http_referer\" value=\"\/Radio\/wp-json\/wp\/v2\/pages\/1057\" \/>\r\n            <input type=\"hidden\" name=\"form_id\" value=\"1082\">\r\n            <input type=\"hidden\" name=\"page_id\" value=\"1057\">\r\n            <input type=\"hidden\" name=\"action\" value=\"weforms_frontend_submit\">\r\n\r\n                            <input type=\"hidden\" name=\"weforms-front-report\" value=\"no\">\r\n            \r\n            \r\n                            <input type=\"submit\" class=\"weforms_submit_btn wpuf_submit_1082\" name=\"submit\" value=\"Submit Query\" \/>\r\n                    <\/li>\r\n                <\/ul>\r\n\r\n        <\/form>\r\n                <\/code><\/p>\n<blockquote>\n<h5 style=\"text-align: center;\"><span style=\"font-family: book antiqua, palatino, serif;\"><em>Tambi\u00e9n si lo deseas, puedes enviar la petici\u00f3n por mensaje de voz y as\u00ed podemos emitirla al Aire.<\/em><\/span><\/h5>\n<\/blockquote>\n<p><center><iframe loading=\"lazy\" src=\"https:\/\/www.speakpipe.com\/widget\/inline\/7ypghg7vn9386o1bs7otxdwq76tvjvnz\" width=\"100%\" height=\"200\" frameborder=\"0\"><\/iframe><br \/>\n<script async src=\"https:\/\/www.speakpipe.com\/widget\/loader.js\" charset=\"utf-8\"><\/script><\/center><\/p>\n<div class=\"pvc_clear\"><\/div>\n<p id=\"pvc_stats_1057\" class=\"pvc_stats all  \" data-element-id=\"1057\" style=\"\"><i class=\"pvc-stats-icon small\" aria-hidden=\"true\"><svg xmlns=\"http:\/\/www.w3.org\/2000\/svg\" version=\"1.0\" viewBox=\"0 0 502 315\" preserveAspectRatio=\"xMidYMid meet\"><g transform=\"translate(0,332) scale(0.1,-0.1)\" fill=\"\" stroke=\"none\"><path d=\"M2394 3279 l-29 -30 -3 -207 c-2 -182 0 -211 15 -242 39 -76 157 -76 196 0 15 31 17 60 15 243 l-3 209 -33 29 c-26 23 -41 29 -80 29 -41 0 -53 -5 -78 -31z\"\/><path d=\"M3085 3251 c-45 -19 -58 -50 -96 -229 -47 -217 -49 -260 -13 -295 52 -53 146 -42 177 20 16 31 87 366 87 410 0 70 -86 122 -155 94z\"\/><path d=\"M1751 3234 c-13 -9 -29 -31 -37 -50 -12 -29 -10 -49 21 -204 19 -94 39 -189 45 -210 14 -50 54 -80 110 -80 34 0 48 6 76 34 21 21 34 44 34 59 0 14 -18 113 -40 219 -37 178 -43 195 -70 221 -36 32 -101 37 -139 11z\"\/><path d=\"M1163 3073 c-36 -7 -73 -59 -73 -102 0 -56 133 -378 171 -413 34 -32 83 -37 129 -13 70 36 67 87 -16 290 -86 209 -89 214 -129 231 -35 14 -42 15 -82 7z\"\/><path d=\"M3689 3066 c-15 -9 -33 -30 -42 -48 -48 -103 -147 -355 -147 -375 0 -98 131 -148 192 -74 13 15 57 108 97 206 80 196 84 226 37 273 -30 30 -99 39 -137 18z\"\/><path d=\"M583 2784 c-38 -19 -67 -74 -58 -113 9 -42 211 -354 242 -373 16 -10 45 -18 66 -18 51 0 107 52 107 100 0 39 -1 41 -124 234 -80 126 -108 162 -133 173 -41 17 -61 16 -100 -3z\"\/><path d=\"M4250 2784 c-14 -9 -74 -91 -133 -183 -95 -150 -107 -173 -107 -213 0 -55 33 -94 87 -104 67 -13 90 8 211 198 130 202 137 225 78 284 -27 27 -42 34 -72 34 -22 0 -50 -8 -64 -16z\"\/><path d=\"M2275 2693 c-553 -48 -1095 -270 -1585 -649 -135 -104 -459 -423 -483 -476 -23 -49 -22 -139 2 -186 73 -142 361 -457 571 -626 285 -228 642 -407 990 -497 242 -63 336 -73 660 -74 310 0 370 5 595 52 535 111 1045 392 1455 803 122 121 250 273 275 326 19 41 19 137 0 174 -41 79 -309 363 -465 492 -447 370 -946 591 -1479 653 -113 14 -422 18 -536 8z m395 -428 c171 -34 330 -124 456 -258 112 -119 167 -219 211 -378 27 -96 24 -300 -5 -401 -72 -255 -236 -447 -474 -557 -132 -62 -201 -76 -368 -76 -167 0 -236 14 -368 76 -213 98 -373 271 -451 485 -162 444 86 934 547 1084 153 49 292 57 452 25z m909 -232 c222 -123 408 -262 593 -441 76 -74 138 -139 138 -144 0 -16 -233 -242 -330 -319 -155 -123 -309 -223 -461 -299 l-81 -41 32 46 c18 26 49 83 70 128 143 306 141 649 -6 957 -25 52 -61 116 -79 142 l-34 47 45 -20 c26 -10 76 -36 113 -56z m-2057 25 c-40 -58 -105 -190 -130 -263 -110 -324 -59 -707 132 -981 25 -35 42 -64 37 -64 -19 0 -241 119 -326 174 -188 122 -406 314 -532 468 l-58 71 108 103 c185 178 428 349 672 473 66 33 121 60 123 61 2 0 -10 -19 -26 -42z\"\/><path d=\"M2375 1950 c-198 -44 -350 -190 -395 -379 -18 -76 -8 -221 19 -290 114 -284 457 -406 731 -260 98 52 188 154 231 260 27 69 37 214 19 290 -38 163 -166 304 -326 360 -67 23 -215 33 -279 19z\"\/><\/g><\/svg><\/i> <img loading=\"lazy\" decoding=\"async\" width=\"16\" height=\"16\" alt=\"Loading\" src=\"https:\/\/destino-maktub.net\/Radio\/wp-content\/plugins\/page-views-count\/ajax-loader-2x.gif\" border=0 \/><\/p>\n<div class=\"pvc_clear\"><\/div>\n","protected":false},"excerpt":{"rendered":"<p>Recuerda esto, ind\u00edcanos todo lo que puedas, gracias. &nbsp; &nbsp; Tambi\u00e9n si lo deseas, puedes enviar la petici\u00f3n por mensaje de voz y as\u00ed podemos emitirla al Aire.<\/p>\n<div class=\"pvc_clear\"><\/div>\n<p id=\"pvc_stats_1057\" class=\"pvc_stats all  \" data-element-id=\"1057\" style=\"\"><i class=\"pvc-stats-icon small\" aria-hidden=\"true\"><svg xmlns=\"http:\/\/www.w3.org\/2000\/svg\" version=\"1.0\" viewBox=\"0 0 502 315\" preserveAspectRatio=\"xMidYMid meet\"><g transform=\"translate(0,332) scale(0.1,-0.1)\" fill=\"\" stroke=\"none\"><path d=\"M2394 3279 l-29 -30 -3 -207 c-2 -182 0 -211 15 -242 39 -76 157 -76 196 0 15 31 17 60 15 243 l-3 209 -33 29 c-26 23 -41 29 -80 29 -41 0 -53 -5 -78 -31z\"\/><path d=\"M3085 3251 c-45 -19 -58 -50 -96 -229 -47 -217 -49 -260 -13 -295 52 -53 146 -42 177 20 16 31 87 366 87 410 0 70 -86 122 -155 94z\"\/><path d=\"M1751 3234 c-13 -9 -29 -31 -37 -50 -12 -29 -10 -49 21 -204 19 -94 39 -189 45 -210 14 -50 54 -80 110 -80 34 0 48 6 76 34 21 21 34 44 34 59 0 14 -18 113 -40 219 -37 178 -43 195 -70 221 -36 32 -101 37 -139 11z\"\/><path d=\"M1163 3073 c-36 -7 -73 -59 -73 -102 0 -56 133 -378 171 -413 34 -32 83 -37 129 -13 70 36 67 87 -16 290 -86 209 -89 214 -129 231 -35 14 -42 15 -82 7z\"\/><path d=\"M3689 3066 c-15 -9 -33 -30 -42 -48 -48 -103 -147 -355 -147 -375 0 -98 131 -148 192 -74 13 15 57 108 97 206 80 196 84 226 37 273 -30 30 -99 39 -137 18z\"\/><path d=\"M583 2784 c-38 -19 -67 -74 -58 -113 9 -42 211 -354 242 -373 16 -10 45 -18 66 -18 51 0 107 52 107 100 0 39 -1 41 -124 234 -80 126 -108 162 -133 173 -41 17 -61 16 -100 -3z\"\/><path d=\"M4250 2784 c-14 -9 -74 -91 -133 -183 -95 -150 -107 -173 -107 -213 0 -55 33 -94 87 -104 67 -13 90 8 211 198 130 202 137 225 78 284 -27 27 -42 34 -72 34 -22 0 -50 -8 -64 -16z\"\/><path d=\"M2275 2693 c-553 -48 -1095 -270 -1585 -649 -135 -104 -459 -423 -483 -476 -23 -49 -22 -139 2 -186 73 -142 361 -457 571 -626 285 -228 642 -407 990 -497 242 -63 336 -73 660 -74 310 0 370 5 595 52 535 111 1045 392 1455 803 122 121 250 273 275 326 19 41 19 137 0 174 -41 79 -309 363 -465 492 -447 370 -946 591 -1479 653 -113 14 -422 18 -536 8z m395 -428 c171 -34 330 -124 456 -258 112 -119 167 -219 211 -378 27 -96 24 -300 -5 -401 -72 -255 -236 -447 -474 -557 -132 -62 -201 -76 -368 -76 -167 0 -236 14 -368 76 -213 98 -373 271 -451 485 -162 444 86 934 547 1084 153 49 292 57 452 25z m909 -232 c222 -123 408 -262 593 -441 76 -74 138 -139 138 -144 0 -16 -233 -242 -330 -319 -155 -123 -309 -223 -461 -299 l-81 -41 32 46 c18 26 49 83 70 128 143 306 141 649 -6 957 -25 52 -61 116 -79 142 l-34 47 45 -20 c26 -10 76 -36 113 -56z m-2057 25 c-40 -58 -105 -190 -130 -263 -110 -324 -59 -707 132 -981 25 -35 42 -64 37 -64 -19 0 -241 119 -326 174 -188 122 -406 314 -532 468 l-58 71 108 103 c185 178 428 349 672 473 66 33 121 60 123 61 2 0 -10 -19 -26 -42z\"\/><path d=\"M2375 1950 c-198 -44 -350 -190 -395 -379 -18 -76 -8 -221 19 -290 114 -284 457 -406 731 -260 98 52 188 154 231 260 27 69 37 214 19 290 -38 163 -166 304 -326 360 -67 23 -215 33 -279 19z\"\/><\/g><\/svg><\/i> <img loading=\"lazy\" decoding=\"async\" width=\"16\" height=\"16\" alt=\"Loading\" src=\"https:\/\/destino-maktub.net\/Radio\/wp-content\/plugins\/page-views-count\/ajax-loader-2x.gif\" border=0 \/><\/p>\n<div class=\"pvc_clear\"><\/div>\n","protected":false},"author":2,"featured_media":871,"parent":0,"menu_order":0,"comment_status":"closed","ping_status":"closed","template":"","meta":{"footnotes":""},"class_list":["post-1057","page","type-page","status-publish","has-post-thumbnail","hentry"],"a3_pvc":{"activated":true,"total_views":69,"today_views":0},"_links":{"self":[{"href":"https:\/\/destino-maktub.net\/Radio\/wp-json\/wp\/v2\/pages\/1057","targetHints":{"allow":["GET"]}}],"collection":[{"href":"https:\/\/destino-maktub.net\/Radio\/wp-json\/wp\/v2\/pages"}],"about":[{"href":"https:\/\/destino-maktub.net\/Radio\/wp-json\/wp\/v2\/types\/page"}],"author":[{"embeddable":true,"href":"https:\/\/destino-maktub.net\/Radio\/wp-json\/wp\/v2\/users\/2"}],"replies":[{"embeddable":true,"href":"https:\/\/destino-maktub.net\/Radio\/wp-json\/wp\/v2\/comments?post=1057"}],"version-history":[{"count":16,"href":"https:\/\/destino-maktub.net\/Radio\/wp-json\/wp\/v2\/pages\/1057\/revisions"}],"predecessor-version":[{"id":1107,"href":"https:\/\/destino-maktub.net\/Radio\/wp-json\/wp\/v2\/pages\/1057\/revisions\/1107"}],"wp:featuredmedia":[{"embeddable":true,"href":"https:\/\/destino-maktub.net\/Radio\/wp-json\/wp\/v2\/media\/871"}],"wp:attachment":[{"href":"https:\/\/destino-maktub.net\/Radio\/wp-json\/wp\/v2\/media?parent=1057"}],"curies":[{"name":"wp","href":"https:\/\/api.w.org\/{rel}","templated":true}]}}