{"id":389,"date":"2025-08-10T15:51:27","date_gmt":"2025-08-10T15:51:27","guid":{"rendered":"https:\/\/destino-maktub.net\/Radio\/?page_id=389"},"modified":"2025-09-12T20:49:04","modified_gmt":"2025-09-12T20:49:04","slug":"progr-radioactivo-dj","status":"publish","type":"page","link":"https:\/\/destino-maktub.net\/Radio\/bienvenidos-presentacion\/programas\/progr-radioactivo-dj\/","title":{"rendered":"Progr. RADIOACTIVO DJ"},"content":{"rendered":"<p><a href=\"https:\/\/destino-maktub.net\/Radio\/canal-2\/\" target=\"_blank\" rel=\"noopener\"><img loading=\"lazy\" decoding=\"async\" class=\"aligncenter wp-image-259 size-full\" src=\"https:\/\/destino-maktub.net\/Radio\/wp-content\/uploads\/2025\/08\/Peque-CANAL-2.gif\" alt=\"cana2\" width=\"190\" height=\"150\" \/><\/a><a href=\"https:\/\/destino-maktub.net\/Radio\/bienvenidos-presentacion\/programas\/progr-radioactivo-dj\/\" target=\"_blank\" rel=\"noopener\"><img loading=\"lazy\" decoding=\"async\" class=\"aligncenter wp-image-336\" src=\"https:\/\/destino-maktub.net\/Radio\/wp-content\/uploads\/2025\/08\/CON-SELLO-RADIOACTIVO-DJ.jpg\" alt=\"\" width=\"791\" height=\"433\" srcset=\"https:\/\/destino-maktub.net\/Radio\/wp-content\/uploads\/2025\/08\/CON-SELLO-RADIOACTIVO-DJ.jpg 1295w, https:\/\/destino-maktub.net\/Radio\/wp-content\/uploads\/2025\/08\/CON-SELLO-RADIOACTIVO-DJ-300x164.jpg 300w, https:\/\/destino-maktub.net\/Radio\/wp-content\/uploads\/2025\/08\/CON-SELLO-RADIOACTIVO-DJ-1024x561.jpg 1024w, https:\/\/destino-maktub.net\/Radio\/wp-content\/uploads\/2025\/08\/CON-SELLO-RADIOACTIVO-DJ-768x420.jpg 768w\" sizes=\"auto, (max-width: 791px) 100vw, 791px\" \/><\/a><\/p>\n<p><img loading=\"lazy\" decoding=\"async\" class=\"wp-image-352 aligncenter\" src=\"https:\/\/destino-maktub.net\/Radio\/wp-content\/uploads\/2025\/08\/Cool-Text-RADIOACTIVO-DJ-488208155683400.png\" alt=\"\" width=\"828\" height=\"85\" srcset=\"https:\/\/destino-maktub.net\/Radio\/wp-content\/uploads\/2025\/08\/Cool-Text-RADIOACTIVO-DJ-488208155683400.png 1237w, https:\/\/destino-maktub.net\/Radio\/wp-content\/uploads\/2025\/08\/Cool-Text-RADIOACTIVO-DJ-488208155683400-300x31.png 300w, https:\/\/destino-maktub.net\/Radio\/wp-content\/uploads\/2025\/08\/Cool-Text-RADIOACTIVO-DJ-488208155683400-1024x105.png 1024w, https:\/\/destino-maktub.net\/Radio\/wp-content\/uploads\/2025\/08\/Cool-Text-RADIOACTIVO-DJ-488208155683400-768x79.png 768w\" sizes=\"auto, (max-width: 828px) 100vw, 828px\" \/><\/p>\n<p><center><iframe loading=\"lazy\" src=\"https:\/\/w.soundcloud.com\/player\/?url=https%3A\/\/api.soundcloud.com\/tracks\/2150570289&amp;color=%23f70606&amp;auto_play=false&amp;hide_related=false&amp;show_comments=true&amp;show_user=true&amp;show_reposts=false&amp;show_teaser=true\" width=\"100%\" height=\"166\" frameborder=\"no\" scrolling=\"no\"><\/iframe><\/center><center><img loading=\"lazy\" decoding=\"async\" class=\"alignnone size-full wp-image-356\" src=\"https:\/\/destino-maktub.net\/Radio\/wp-content\/uploads\/2025\/08\/1-Serpiente-Maktub.gif\" alt=\"\" width=\"480\" height=\"32\" \/><\/center><span style=\"color: #ffcc99;\"><strong><a style=\"color: #ffcc99;\" name=\"_GoBack\"><\/a> <span style=\"font-family: Lato, sans-serif;\"><span style=\"font-size: x-large;\">Sinopsis<\/span><\/span><\/strong><\/span><\/p>\n<p><span style=\"color: #ffcc99;\"><strong><span style=\"font-family: Lato, sans-serif;\"><span style=\"font-size: small;\">Radioactivo dj es un radio show semanal de 120 minutos presentado por Carlos Villanueva, Elena Bl\u00e1zquez, Antonio Belmonte y Eduardo \u00c1lvarez. <\/span><\/span><\/strong><\/span><\/p>\n<p><span style=\"color: #ffcc99;\"><strong><span style=\"font-family: Lato, sans-serif;\"><span style=\"font-size: small;\">Consta de 19 secciones presentadas en las que intervienen los periodistas, locutores, djs y productores m\u00e1s destacados del panorama internacional. <\/span><\/span><\/strong><\/span><\/p>\n<p><span style=\"color: #ffcc99;\"><strong><span style=\"font-family: Lato, sans-serif;\"><span style=\"font-size: small;\">Su formato lo hace m\u00e1s especial al integrar los diferentes elementos de la vieja escuela con los m\u00e1s tecnol\u00f3gicos y novedosos. La selecci\u00f3n musical va desde las canciones m\u00e1s comerciales (EDM, Trance, Progressive House, Melodic House , Dance, Pop Dance, Chill Out, Downtempo) pasando por el Remember (80s, 90s, 00s, 10s, Techno pop, Industrial, EBM, Indie Dance) los mejores Mixes, Retro remixes,Megamixes, Bootlegs, Mashups hasta los estilos m\u00e1s especializados (Techno, Tech House, Deep House, Organic House). <\/span><\/span><\/strong><\/span><\/p>\n<p><span style=\"color: #ffcc99;\"><strong><span style=\"font-family: Lato, sans-serif;\"><span style=\"font-size: small;\">El objetivo principal es dar a conocer al mayor n\u00famero de oyentes, de diferentes edades, toda la cultura musical desde hace unas d\u00e9cadas hasta la actualidad. Puedes encontrar la parafernalia que envuelve al mundo de la m\u00fasica con an\u00e9cdotas, curiosidades e informaci\u00f3n veraz y contrastada. <\/span><\/span><\/strong><\/span><\/p>\n<p><span style=\"color: #ffcc99;\"><strong><span style=\"font-family: Lato, sans-serif;\"><span style=\"font-size: small;\">Radioactivo dj es un conjunto de estilos musicales mezclados y a la vez diferenciados. Siempre con la mayor calidad en locuci\u00f3n, producci\u00f3n y mezcla. Todo esto es posible gracias a la experiencia, conocimientos y profesionalidad de todos los componentes del equipo que, en algunos casos, superan m\u00e1s de tres d\u00e9cadas de actividad.<\/span><\/span><\/strong><\/span><\/p>\n<p><span style=\"color: #ffcc99;\"><strong><span style=\"font-family: Lato, sans-serif;\"><span style=\"font-size: small;\">Radioactivo dj, cuenta con varias secciones destacadas, Emergencia Radioactiva, Radioactivo dj Rescue, Noticias Radioactivas, Los + Descargados, Chillouterapia, Reacci\u00f3n en Cadena, Warez Time, Positive Reaction, Nuclear Bomb, Radioactivo Dj Hazard, Kenaikan, La Central Radioactiva, Sonido Retroactivo, Remember Time, Conexi\u00f3n Radioactiva, NMDLV, Why not?, Radioactivo Dj War, Defcon One, Radioactivo dj in the Mix, Sesiones de mezclas, Entrevistas, Listas de \u00e9xitos, etc.<\/span><\/span><\/strong><\/span><\/p>\n<p><span style=\"color: #ffcc99;\"><strong><span style=\"font-family: Lato, sans-serif;\"><span style=\"font-size: x-large;\">Ficha del programa<\/span><\/span><\/strong><\/span><\/p>\n<ul>\n<li><span style=\"color: #ffcc99;\"><strong><span style=\"font-family: Lato, sans-serif;\"><span style=\"font-size: small;\">Presentado por:<\/span><\/span><span style=\"font-family: Lato, sans-serif;\"><span style=\"font-size: small;\">\u00a0Carlos Villanueva<\/span><\/span><\/strong><\/span><\/li>\n<li><span style=\"color: #ffcc99;\"><strong><span style=\"font-family: Lato, sans-serif;\"><span style=\"font-size: small;\">Colaboradores:<\/span><\/span><span style=\"font-family: Lato, sans-serif;\"><span style=\"font-size: small;\">\u00a0Elena Bl\u00e1zquez, Eduardo \u00c1lvarez y Antonio Belmonte<\/span><\/span><\/strong><\/span><\/li>\n<li><span style=\"color: #ffcc99;\"><strong><span style=\"font-family: Lato, sans-serif;\"><span style=\"font-size: small;\">Duraci\u00f3n.<\/span><\/span><span style=\"font-family: Lato, sans-serif;\"><span style=\"font-size: small;\"> 120 minutos<\/span><\/span><\/strong><\/span><\/li>\n<\/ul>\n<div class=\"pvc_clear\"><\/div>\n<p id=\"pvc_stats_389\" class=\"pvc_stats all  \" data-element-id=\"389\" style=\"\"><i class=\"pvc-stats-icon small\" aria-hidden=\"true\"><svg xmlns=\"http:\/\/www.w3.org\/2000\/svg\" version=\"1.0\" viewBox=\"0 0 502 315\" preserveAspectRatio=\"xMidYMid meet\"><g transform=\"translate(0,332) scale(0.1,-0.1)\" fill=\"\" stroke=\"none\"><path d=\"M2394 3279 l-29 -30 -3 -207 c-2 -182 0 -211 15 -242 39 -76 157 -76 196 0 15 31 17 60 15 243 l-3 209 -33 29 c-26 23 -41 29 -80 29 -41 0 -53 -5 -78 -31z\"\/><path d=\"M3085 3251 c-45 -19 -58 -50 -96 -229 -47 -217 -49 -260 -13 -295 52 -53 146 -42 177 20 16 31 87 366 87 410 0 70 -86 122 -155 94z\"\/><path d=\"M1751 3234 c-13 -9 -29 -31 -37 -50 -12 -29 -10 -49 21 -204 19 -94 39 -189 45 -210 14 -50 54 -80 110 -80 34 0 48 6 76 34 21 21 34 44 34 59 0 14 -18 113 -40 219 -37 178 -43 195 -70 221 -36 32 -101 37 -139 11z\"\/><path d=\"M1163 3073 c-36 -7 -73 -59 -73 -102 0 -56 133 -378 171 -413 34 -32 83 -37 129 -13 70 36 67 87 -16 290 -86 209 -89 214 -129 231 -35 14 -42 15 -82 7z\"\/><path d=\"M3689 3066 c-15 -9 -33 -30 -42 -48 -48 -103 -147 -355 -147 -375 0 -98 131 -148 192 -74 13 15 57 108 97 206 80 196 84 226 37 273 -30 30 -99 39 -137 18z\"\/><path d=\"M583 2784 c-38 -19 -67 -74 -58 -113 9 -42 211 -354 242 -373 16 -10 45 -18 66 -18 51 0 107 52 107 100 0 39 -1 41 -124 234 -80 126 -108 162 -133 173 -41 17 -61 16 -100 -3z\"\/><path d=\"M4250 2784 c-14 -9 -74 -91 -133 -183 -95 -150 -107 -173 -107 -213 0 -55 33 -94 87 -104 67 -13 90 8 211 198 130 202 137 225 78 284 -27 27 -42 34 -72 34 -22 0 -50 -8 -64 -16z\"\/><path d=\"M2275 2693 c-553 -48 -1095 -270 -1585 -649 -135 -104 -459 -423 -483 -476 -23 -49 -22 -139 2 -186 73 -142 361 -457 571 -626 285 -228 642 -407 990 -497 242 -63 336 -73 660 -74 310 0 370 5 595 52 535 111 1045 392 1455 803 122 121 250 273 275 326 19 41 19 137 0 174 -41 79 -309 363 -465 492 -447 370 -946 591 -1479 653 -113 14 -422 18 -536 8z m395 -428 c171 -34 330 -124 456 -258 112 -119 167 -219 211 -378 27 -96 24 -300 -5 -401 -72 -255 -236 -447 -474 -557 -132 -62 -201 -76 -368 -76 -167 0 -236 14 -368 76 -213 98 -373 271 -451 485 -162 444 86 934 547 1084 153 49 292 57 452 25z m909 -232 c222 -123 408 -262 593 -441 76 -74 138 -139 138 -144 0 -16 -233 -242 -330 -319 -155 -123 -309 -223 -461 -299 l-81 -41 32 46 c18 26 49 83 70 128 143 306 141 649 -6 957 -25 52 -61 116 -79 142 l-34 47 45 -20 c26 -10 76 -36 113 -56z m-2057 25 c-40 -58 -105 -190 -130 -263 -110 -324 -59 -707 132 -981 25 -35 42 -64 37 -64 -19 0 -241 119 -326 174 -188 122 -406 314 -532 468 l-58 71 108 103 c185 178 428 349 672 473 66 33 121 60 123 61 2 0 -10 -19 -26 -42z\"\/><path d=\"M2375 1950 c-198 -44 -350 -190 -395 -379 -18 -76 -8 -221 19 -290 114 -284 457 -406 731 -260 98 52 188 154 231 260 27 69 37 214 19 290 -38 163 -166 304 -326 360 -67 23 -215 33 -279 19z\"\/><\/g><\/svg><\/i> <img loading=\"lazy\" decoding=\"async\" width=\"16\" height=\"16\" alt=\"Loading\" src=\"https:\/\/destino-maktub.net\/Radio\/wp-content\/plugins\/page-views-count\/ajax-loader-2x.gif\" border=0 \/><\/p>\n<div class=\"pvc_clear\"><\/div>\n","protected":false},"excerpt":{"rendered":"<p>Sinopsis Radioactivo dj es un radio show semanal de 120 minutos presentado por Carlos Villanueva, Elena Bl\u00e1zquez, Antonio Belmonte y Eduardo \u00c1lvarez. Consta de 19 secciones presentadas en las que intervienen los periodistas, locutores, djs y productores m\u00e1s destacados del panorama internacional. Su formato lo hace m\u00e1s especial al integrar los diferentes elementos de la [&hellip;]<\/p>\n<div class=\"pvc_clear\"><\/div>\n<p id=\"pvc_stats_389\" class=\"pvc_stats all  \" data-element-id=\"389\" style=\"\"><i class=\"pvc-stats-icon small\" aria-hidden=\"true\"><svg xmlns=\"http:\/\/www.w3.org\/2000\/svg\" version=\"1.0\" viewBox=\"0 0 502 315\" preserveAspectRatio=\"xMidYMid meet\"><g transform=\"translate(0,332) scale(0.1,-0.1)\" fill=\"\" stroke=\"none\"><path d=\"M2394 3279 l-29 -30 -3 -207 c-2 -182 0 -211 15 -242 39 -76 157 -76 196 0 15 31 17 60 15 243 l-3 209 -33 29 c-26 23 -41 29 -80 29 -41 0 -53 -5 -78 -31z\"\/><path d=\"M3085 3251 c-45 -19 -58 -50 -96 -229 -47 -217 -49 -260 -13 -295 52 -53 146 -42 177 20 16 31 87 366 87 410 0 70 -86 122 -155 94z\"\/><path d=\"M1751 3234 c-13 -9 -29 -31 -37 -50 -12 -29 -10 -49 21 -204 19 -94 39 -189 45 -210 14 -50 54 -80 110 -80 34 0 48 6 76 34 21 21 34 44 34 59 0 14 -18 113 -40 219 -37 178 -43 195 -70 221 -36 32 -101 37 -139 11z\"\/><path d=\"M1163 3073 c-36 -7 -73 -59 -73 -102 0 -56 133 -378 171 -413 34 -32 83 -37 129 -13 70 36 67 87 -16 290 -86 209 -89 214 -129 231 -35 14 -42 15 -82 7z\"\/><path d=\"M3689 3066 c-15 -9 -33 -30 -42 -48 -48 -103 -147 -355 -147 -375 0 -98 131 -148 192 -74 13 15 57 108 97 206 80 196 84 226 37 273 -30 30 -99 39 -137 18z\"\/><path d=\"M583 2784 c-38 -19 -67 -74 -58 -113 9 -42 211 -354 242 -373 16 -10 45 -18 66 -18 51 0 107 52 107 100 0 39 -1 41 -124 234 -80 126 -108 162 -133 173 -41 17 -61 16 -100 -3z\"\/><path d=\"M4250 2784 c-14 -9 -74 -91 -133 -183 -95 -150 -107 -173 -107 -213 0 -55 33 -94 87 -104 67 -13 90 8 211 198 130 202 137 225 78 284 -27 27 -42 34 -72 34 -22 0 -50 -8 -64 -16z\"\/><path d=\"M2275 2693 c-553 -48 -1095 -270 -1585 -649 -135 -104 -459 -423 -483 -476 -23 -49 -22 -139 2 -186 73 -142 361 -457 571 -626 285 -228 642 -407 990 -497 242 -63 336 -73 660 -74 310 0 370 5 595 52 535 111 1045 392 1455 803 122 121 250 273 275 326 19 41 19 137 0 174 -41 79 -309 363 -465 492 -447 370 -946 591 -1479 653 -113 14 -422 18 -536 8z m395 -428 c171 -34 330 -124 456 -258 112 -119 167 -219 211 -378 27 -96 24 -300 -5 -401 -72 -255 -236 -447 -474 -557 -132 -62 -201 -76 -368 -76 -167 0 -236 14 -368 76 -213 98 -373 271 -451 485 -162 444 86 934 547 1084 153 49 292 57 452 25z m909 -232 c222 -123 408 -262 593 -441 76 -74 138 -139 138 -144 0 -16 -233 -242 -330 -319 -155 -123 -309 -223 -461 -299 l-81 -41 32 46 c18 26 49 83 70 128 143 306 141 649 -6 957 -25 52 -61 116 -79 142 l-34 47 45 -20 c26 -10 76 -36 113 -56z m-2057 25 c-40 -58 -105 -190 -130 -263 -110 -324 -59 -707 132 -981 25 -35 42 -64 37 -64 -19 0 -241 119 -326 174 -188 122 -406 314 -532 468 l-58 71 108 103 c185 178 428 349 672 473 66 33 121 60 123 61 2 0 -10 -19 -26 -42z\"\/><path d=\"M2375 1950 c-198 -44 -350 -190 -395 -379 -18 -76 -8 -221 19 -290 114 -284 457 -406 731 -260 98 52 188 154 231 260 27 69 37 214 19 290 -38 163 -166 304 -326 360 -67 23 -215 33 -279 19z\"\/><\/g><\/svg><\/i> <img loading=\"lazy\" decoding=\"async\" width=\"16\" height=\"16\" alt=\"Loading\" src=\"https:\/\/destino-maktub.net\/Radio\/wp-content\/plugins\/page-views-count\/ajax-loader-2x.gif\" border=0 \/><\/p>\n<div class=\"pvc_clear\"><\/div>\n","protected":false},"author":2,"featured_media":0,"parent":335,"menu_order":0,"comment_status":"closed","ping_status":"closed","template":"","meta":{"footnotes":""},"class_list":["post-389","page","type-page","status-publish","hentry"],"a3_pvc":{"activated":true,"total_views":18,"today_views":0},"_links":{"self":[{"href":"https:\/\/destino-maktub.net\/Radio\/wp-json\/wp\/v2\/pages\/389","targetHints":{"allow":["GET"]}}],"collection":[{"href":"https:\/\/destino-maktub.net\/Radio\/wp-json\/wp\/v2\/pages"}],"about":[{"href":"https:\/\/destino-maktub.net\/Radio\/wp-json\/wp\/v2\/types\/page"}],"author":[{"embeddable":true,"href":"https:\/\/destino-maktub.net\/Radio\/wp-json\/wp\/v2\/users\/2"}],"replies":[{"embeddable":true,"href":"https:\/\/destino-maktub.net\/Radio\/wp-json\/wp\/v2\/comments?post=389"}],"version-history":[{"count":10,"href":"https:\/\/destino-maktub.net\/Radio\/wp-json\/wp\/v2\/pages\/389\/revisions"}],"predecessor-version":[{"id":671,"href":"https:\/\/destino-maktub.net\/Radio\/wp-json\/wp\/v2\/pages\/389\/revisions\/671"}],"up":[{"embeddable":true,"href":"https:\/\/destino-maktub.net\/Radio\/wp-json\/wp\/v2\/pages\/335"}],"wp:attachment":[{"href":"https:\/\/destino-maktub.net\/Radio\/wp-json\/wp\/v2\/media?parent=389"}],"curies":[{"name":"wp","href":"https:\/\/api.w.org\/{rel}","templated":true}]}}