{"id":402,"date":"2025-08-10T16:08:27","date_gmt":"2025-08-10T16:08:27","guid":{"rendered":"https:\/\/destino-maktub.net\/Radio\/?page_id=402"},"modified":"2025-08-13T18:24:11","modified_gmt":"2025-08-13T18:24:11","slug":"prog-entre-tu-musica-y-la-mia","status":"publish","type":"page","link":"https:\/\/destino-maktub.net\/Radio\/bienvenidos-presentacion\/programas\/prog-entre-tu-musica-y-la-mia\/","title":{"rendered":"Prog. Entre T\u00fa Musica y la M\u00eda"},"content":{"rendered":"<p><img loading=\"lazy\" decoding=\"async\" class=\"wp-image-416 alignleft\" src=\"https:\/\/destino-maktub.net\/Radio\/wp-content\/uploads\/2025\/08\/PROXIMAMENTE.png\" alt=\"\" width=\"90\" height=\"90\" srcset=\"https:\/\/destino-maktub.net\/Radio\/wp-content\/uploads\/2025\/08\/PROXIMAMENTE.png 450w, https:\/\/destino-maktub.net\/Radio\/wp-content\/uploads\/2025\/08\/PROXIMAMENTE-300x300.png 300w, https:\/\/destino-maktub.net\/Radio\/wp-content\/uploads\/2025\/08\/PROXIMAMENTE-150x150.png 150w\" sizes=\"auto, (max-width: 90px) 100vw, 90px\" \/><\/p>\n<p><img loading=\"lazy\" decoding=\"async\" class=\"wp-image-512  aligncenter\" src=\"https:\/\/destino-maktub.net\/Radio\/wp-content\/uploads\/2025\/08\/3-Redondo-Entre-tu-musica-y-la-mia.png\" alt=\"\" width=\"496\" height=\"497\" srcset=\"https:\/\/destino-maktub.net\/Radio\/wp-content\/uploads\/2025\/08\/3-Redondo-Entre-tu-musica-y-la-mia.png 956w, https:\/\/destino-maktub.net\/Radio\/wp-content\/uploads\/2025\/08\/3-Redondo-Entre-tu-musica-y-la-mia-300x300.png 300w, https:\/\/destino-maktub.net\/Radio\/wp-content\/uploads\/2025\/08\/3-Redondo-Entre-tu-musica-y-la-mia-150x150.png 150w, https:\/\/destino-maktub.net\/Radio\/wp-content\/uploads\/2025\/08\/3-Redondo-Entre-tu-musica-y-la-mia-768x770.png 768w\" sizes=\"auto, (max-width: 496px) 100vw, 496px\" \/><\/p>\n<p style=\"text-align: center;\"><img loading=\"lazy\" decoding=\"async\" class=\"aligncenter wp-image-353\" src=\"https:\/\/destino-maktub.net\/Radio\/wp-content\/uploads\/2025\/08\/ENTRE-T-MSICA-Y-LA-MA-488208350699633.png\" alt=\"\" width=\"853\" height=\"69\" srcset=\"https:\/\/destino-maktub.net\/Radio\/wp-content\/uploads\/2025\/08\/ENTRE-T-MSICA-Y-LA-MA-488208350699633.png 1212w, https:\/\/destino-maktub.net\/Radio\/wp-content\/uploads\/2025\/08\/ENTRE-T-MSICA-Y-LA-MA-488208350699633-300x24.png 300w, https:\/\/destino-maktub.net\/Radio\/wp-content\/uploads\/2025\/08\/ENTRE-T-MSICA-Y-LA-MA-488208350699633-1024x83.png 1024w, https:\/\/destino-maktub.net\/Radio\/wp-content\/uploads\/2025\/08\/ENTRE-T-MSICA-Y-LA-MA-488208350699633-768x62.png 768w\" sizes=\"auto, (max-width: 853px) 100vw, 853px\" \/><\/p>\n<p>&nbsp;<\/p>\n<p style=\"text-align: center;\"><iframe loading=\"lazy\" src=\"https:\/\/w.soundcloud.com\/player\/?url=https%3A\/\/api.soundcloud.com\/tracks\/2151558387&amp;color=%23b4291d&amp;auto_play=false&amp;hide_related=false&amp;show_comments=true&amp;show_user=true&amp;show_reposts=false&amp;show_teaser=true\" width=\"100%\" height=\"166\" frameborder=\"no\" scrolling=\"no\"><\/iframe><\/p>\n<div style=\"font-size: 10px; color: #cccccc; line-break: anywhere; word-break: normal; overflow: hidden; white-space: nowrap; text-overflow: ellipsis; font-family: Interstate,Lucida Grande,Lucida Sans Unicode,Lucida Sans,Garuda,Verdana,Tahoma,sans-serif; font-weight: 100;\">.<\/div>\n<p><img loading=\"lazy\" decoding=\"async\" class=\"aligncenter size-full wp-image-356\" src=\"https:\/\/destino-maktub.net\/Radio\/wp-content\/uploads\/2025\/08\/1-Serpiente-Maktub.gif\" alt=\"\" width=\"480\" height=\"32\" \/><\/p>\n<p>&nbsp;<\/p>\n<p>&nbsp;<\/p>\n<p>Programa conducido por Nuria, en las madrugadas de Espa\u00f1a. De momento se est\u00e1 emitiendo espor\u00e1dicamente&#8230; pronto tendremos una hora exacta de su programaci\u00f3n.<\/p>\n<p>Ese programa requiere de su participaci\u00f3n, porque como bien dice\u00a0 el nombre es\u00a0 \u00abEntre Tu M\u00fasica y la M\u00eda\u00bb.<\/p>\n<p>Cuando est\u00e1 en Directo, puedes hacer tu petici\u00f3n por WhatsApp o desde\u00a0 el canal de Younow. De esta forma el programa lo haremos entre t\u00fa y yo. (en referencia a la M\u00fasica del mismo)<\/p>\n<p>&nbsp;<\/p>\n<p>&nbsp;<\/p>\n<p>&nbsp;<\/p>\n<div class=\"notranslate\" style=\"all: initial;\">\n<ul>\n<li><span style=\"color: #ffffff; text-decoration: initial;\"><em>Pueden bajarse la App, donde podr\u00e1n escucharnos desde su m\u00f3vil, sin problemas. Y cambiar de canal en la misma aplicaci\u00f3n.<\/em><\/span><\/li>\n<\/ul>\n<p><span style=\"color: #ffffff; text-decoration: initial;\"><em> Una vez que lleguen e instalen la App de Online Radio Box, solo tienen que buscar.<\/em><\/span><\/p>\n<h5><a href=\"https:\/\/onlineradiobox.com\/es\/maktubnj\/\"><strong>Radio Maktub NJ<\/strong><\/a><\/h5>\n<ul>\n<li><em><a href=\"https:\/\/chat.whatsapp.com\/FhEUpygcYw3HivpnVMwhlX\" target=\"_blank\" rel=\"noopener\"><img loading=\"lazy\" decoding=\"async\" class=\"wp-image-230 alignnone\" src=\"https:\/\/destino-maktub.net\/Radio\/wp-content\/uploads\/2025\/08\/wp.gif\" alt=\"\" width=\"61\" height=\"61\" \/><\/a><span style=\"color: #ffffff; text-decoration: initial;\">Cuando estemos en directo, que se informara desde Facebook&#8230;<\/span><\/em><\/li>\n<li><span style=\"color: #ffffff; text-decoration: initial;\"><em> Tienen<\/em><em> la posibilidad (cuando lo anunciemos en el Directo) de participar por mensaje de WhatsApp, escrito o por audio. Y as\u00ed formar\u00e1n parte \u00abal aire\u00bb en ese momento\u00a0 \u00a0<\/em><\/span><\/li>\n<\/ul>\n<ul>\n<li><span style=\"color: #ffffff; text-decoration: initial;\"><em>Si lo que prefieren es\u00a0 escuchar desde su Pc&#8230; mientras navegan o trabajan, en el icono de abajo, les abrir\u00e1 una pantalla flotante, para que puedan seguir escuchando y no interfiera en su trabajo en la PC&#8230;\u00a0<\/em><\/span><\/li>\n<\/ul>\n<\/div>\n<div class=\"pvc_clear\"><\/div>\n<p id=\"pvc_stats_402\" class=\"pvc_stats all  \" data-element-id=\"402\" style=\"\"><i class=\"pvc-stats-icon small\" aria-hidden=\"true\"><svg xmlns=\"http:\/\/www.w3.org\/2000\/svg\" version=\"1.0\" viewBox=\"0 0 502 315\" preserveAspectRatio=\"xMidYMid meet\"><g transform=\"translate(0,332) scale(0.1,-0.1)\" fill=\"\" stroke=\"none\"><path d=\"M2394 3279 l-29 -30 -3 -207 c-2 -182 0 -211 15 -242 39 -76 157 -76 196 0 15 31 17 60 15 243 l-3 209 -33 29 c-26 23 -41 29 -80 29 -41 0 -53 -5 -78 -31z\"\/><path d=\"M3085 3251 c-45 -19 -58 -50 -96 -229 -47 -217 -49 -260 -13 -295 52 -53 146 -42 177 20 16 31 87 366 87 410 0 70 -86 122 -155 94z\"\/><path d=\"M1751 3234 c-13 -9 -29 -31 -37 -50 -12 -29 -10 -49 21 -204 19 -94 39 -189 45 -210 14 -50 54 -80 110 -80 34 0 48 6 76 34 21 21 34 44 34 59 0 14 -18 113 -40 219 -37 178 -43 195 -70 221 -36 32 -101 37 -139 11z\"\/><path d=\"M1163 3073 c-36 -7 -73 -59 -73 -102 0 -56 133 -378 171 -413 34 -32 83 -37 129 -13 70 36 67 87 -16 290 -86 209 -89 214 -129 231 -35 14 -42 15 -82 7z\"\/><path d=\"M3689 3066 c-15 -9 -33 -30 -42 -48 -48 -103 -147 -355 -147 -375 0 -98 131 -148 192 -74 13 15 57 108 97 206 80 196 84 226 37 273 -30 30 -99 39 -137 18z\"\/><path d=\"M583 2784 c-38 -19 -67 -74 -58 -113 9 -42 211 -354 242 -373 16 -10 45 -18 66 -18 51 0 107 52 107 100 0 39 -1 41 -124 234 -80 126 -108 162 -133 173 -41 17 -61 16 -100 -3z\"\/><path d=\"M4250 2784 c-14 -9 -74 -91 -133 -183 -95 -150 -107 -173 -107 -213 0 -55 33 -94 87 -104 67 -13 90 8 211 198 130 202 137 225 78 284 -27 27 -42 34 -72 34 -22 0 -50 -8 -64 -16z\"\/><path d=\"M2275 2693 c-553 -48 -1095 -270 -1585 -649 -135 -104 -459 -423 -483 -476 -23 -49 -22 -139 2 -186 73 -142 361 -457 571 -626 285 -228 642 -407 990 -497 242 -63 336 -73 660 -74 310 0 370 5 595 52 535 111 1045 392 1455 803 122 121 250 273 275 326 19 41 19 137 0 174 -41 79 -309 363 -465 492 -447 370 -946 591 -1479 653 -113 14 -422 18 -536 8z m395 -428 c171 -34 330 -124 456 -258 112 -119 167 -219 211 -378 27 -96 24 -300 -5 -401 -72 -255 -236 -447 -474 -557 -132 -62 -201 -76 -368 -76 -167 0 -236 14 -368 76 -213 98 -373 271 -451 485 -162 444 86 934 547 1084 153 49 292 57 452 25z m909 -232 c222 -123 408 -262 593 -441 76 -74 138 -139 138 -144 0 -16 -233 -242 -330 -319 -155 -123 -309 -223 -461 -299 l-81 -41 32 46 c18 26 49 83 70 128 143 306 141 649 -6 957 -25 52 -61 116 -79 142 l-34 47 45 -20 c26 -10 76 -36 113 -56z m-2057 25 c-40 -58 -105 -190 -130 -263 -110 -324 -59 -707 132 -981 25 -35 42 -64 37 -64 -19 0 -241 119 -326 174 -188 122 -406 314 -532 468 l-58 71 108 103 c185 178 428 349 672 473 66 33 121 60 123 61 2 0 -10 -19 -26 -42z\"\/><path d=\"M2375 1950 c-198 -44 -350 -190 -395 -379 -18 -76 -8 -221 19 -290 114 -284 457 -406 731 -260 98 52 188 154 231 260 27 69 37 214 19 290 -38 163 -166 304 -326 360 -67 23 -215 33 -279 19z\"\/><\/g><\/svg><\/i> <img loading=\"lazy\" decoding=\"async\" width=\"16\" height=\"16\" alt=\"Loading\" src=\"https:\/\/destino-maktub.net\/Radio\/wp-content\/plugins\/page-views-count\/ajax-loader-2x.gif\" border=0 \/><\/p>\n<div class=\"pvc_clear\"><\/div>\n","protected":false},"excerpt":{"rendered":"<p>&nbsp; . &nbsp; &nbsp; Programa conducido por Nuria, en las madrugadas de Espa\u00f1a. De momento se est\u00e1 emitiendo espor\u00e1dicamente&#8230; pronto tendremos una hora exacta de su programaci\u00f3n. Ese programa requiere de su participaci\u00f3n, porque como bien dice\u00a0 el nombre es\u00a0 \u00abEntre Tu M\u00fasica y la M\u00eda\u00bb. Cuando est\u00e1 en Directo, puedes hacer tu petici\u00f3n por [&hellip;]<\/p>\n<div class=\"pvc_clear\"><\/div>\n<p id=\"pvc_stats_402\" class=\"pvc_stats all  \" data-element-id=\"402\" style=\"\"><i class=\"pvc-stats-icon small\" aria-hidden=\"true\"><svg xmlns=\"http:\/\/www.w3.org\/2000\/svg\" version=\"1.0\" viewBox=\"0 0 502 315\" preserveAspectRatio=\"xMidYMid meet\"><g transform=\"translate(0,332) scale(0.1,-0.1)\" fill=\"\" stroke=\"none\"><path d=\"M2394 3279 l-29 -30 -3 -207 c-2 -182 0 -211 15 -242 39 -76 157 -76 196 0 15 31 17 60 15 243 l-3 209 -33 29 c-26 23 -41 29 -80 29 -41 0 -53 -5 -78 -31z\"\/><path d=\"M3085 3251 c-45 -19 -58 -50 -96 -229 -47 -217 -49 -260 -13 -295 52 -53 146 -42 177 20 16 31 87 366 87 410 0 70 -86 122 -155 94z\"\/><path d=\"M1751 3234 c-13 -9 -29 -31 -37 -50 -12 -29 -10 -49 21 -204 19 -94 39 -189 45 -210 14 -50 54 -80 110 -80 34 0 48 6 76 34 21 21 34 44 34 59 0 14 -18 113 -40 219 -37 178 -43 195 -70 221 -36 32 -101 37 -139 11z\"\/><path d=\"M1163 3073 c-36 -7 -73 -59 -73 -102 0 -56 133 -378 171 -413 34 -32 83 -37 129 -13 70 36 67 87 -16 290 -86 209 -89 214 -129 231 -35 14 -42 15 -82 7z\"\/><path d=\"M3689 3066 c-15 -9 -33 -30 -42 -48 -48 -103 -147 -355 -147 -375 0 -98 131 -148 192 -74 13 15 57 108 97 206 80 196 84 226 37 273 -30 30 -99 39 -137 18z\"\/><path d=\"M583 2784 c-38 -19 -67 -74 -58 -113 9 -42 211 -354 242 -373 16 -10 45 -18 66 -18 51 0 107 52 107 100 0 39 -1 41 -124 234 -80 126 -108 162 -133 173 -41 17 -61 16 -100 -3z\"\/><path d=\"M4250 2784 c-14 -9 -74 -91 -133 -183 -95 -150 -107 -173 -107 -213 0 -55 33 -94 87 -104 67 -13 90 8 211 198 130 202 137 225 78 284 -27 27 -42 34 -72 34 -22 0 -50 -8 -64 -16z\"\/><path d=\"M2275 2693 c-553 -48 -1095 -270 -1585 -649 -135 -104 -459 -423 -483 -476 -23 -49 -22 -139 2 -186 73 -142 361 -457 571 -626 285 -228 642 -407 990 -497 242 -63 336 -73 660 -74 310 0 370 5 595 52 535 111 1045 392 1455 803 122 121 250 273 275 326 19 41 19 137 0 174 -41 79 -309 363 -465 492 -447 370 -946 591 -1479 653 -113 14 -422 18 -536 8z m395 -428 c171 -34 330 -124 456 -258 112 -119 167 -219 211 -378 27 -96 24 -300 -5 -401 -72 -255 -236 -447 -474 -557 -132 -62 -201 -76 -368 -76 -167 0 -236 14 -368 76 -213 98 -373 271 -451 485 -162 444 86 934 547 1084 153 49 292 57 452 25z m909 -232 c222 -123 408 -262 593 -441 76 -74 138 -139 138 -144 0 -16 -233 -242 -330 -319 -155 -123 -309 -223 -461 -299 l-81 -41 32 46 c18 26 49 83 70 128 143 306 141 649 -6 957 -25 52 -61 116 -79 142 l-34 47 45 -20 c26 -10 76 -36 113 -56z m-2057 25 c-40 -58 -105 -190 -130 -263 -110 -324 -59 -707 132 -981 25 -35 42 -64 37 -64 -19 0 -241 119 -326 174 -188 122 -406 314 -532 468 l-58 71 108 103 c185 178 428 349 672 473 66 33 121 60 123 61 2 0 -10 -19 -26 -42z\"\/><path d=\"M2375 1950 c-198 -44 -350 -190 -395 -379 -18 -76 -8 -221 19 -290 114 -284 457 -406 731 -260 98 52 188 154 231 260 27 69 37 214 19 290 -38 163 -166 304 -326 360 -67 23 -215 33 -279 19z\"\/><\/g><\/svg><\/i> <img loading=\"lazy\" decoding=\"async\" width=\"16\" height=\"16\" alt=\"Loading\" src=\"https:\/\/destino-maktub.net\/Radio\/wp-content\/plugins\/page-views-count\/ajax-loader-2x.gif\" border=0 \/><\/p>\n<div class=\"pvc_clear\"><\/div>\n","protected":false},"author":2,"featured_media":0,"parent":335,"menu_order":0,"comment_status":"closed","ping_status":"closed","template":"","meta":{"footnotes":""},"class_list":["post-402","page","type-page","status-publish","hentry"],"a3_pvc":{"activated":true,"total_views":12,"today_views":0},"_links":{"self":[{"href":"https:\/\/destino-maktub.net\/Radio\/wp-json\/wp\/v2\/pages\/402","targetHints":{"allow":["GET"]}}],"collection":[{"href":"https:\/\/destino-maktub.net\/Radio\/wp-json\/wp\/v2\/pages"}],"about":[{"href":"https:\/\/destino-maktub.net\/Radio\/wp-json\/wp\/v2\/types\/page"}],"author":[{"embeddable":true,"href":"https:\/\/destino-maktub.net\/Radio\/wp-json\/wp\/v2\/users\/2"}],"replies":[{"embeddable":true,"href":"https:\/\/destino-maktub.net\/Radio\/wp-json\/wp\/v2\/comments?post=402"}],"version-history":[{"count":12,"href":"https:\/\/destino-maktub.net\/Radio\/wp-json\/wp\/v2\/pages\/402\/revisions"}],"predecessor-version":[{"id":513,"href":"https:\/\/destino-maktub.net\/Radio\/wp-json\/wp\/v2\/pages\/402\/revisions\/513"}],"up":[{"embeddable":true,"href":"https:\/\/destino-maktub.net\/Radio\/wp-json\/wp\/v2\/pages\/335"}],"wp:attachment":[{"href":"https:\/\/destino-maktub.net\/Radio\/wp-json\/wp\/v2\/media?parent=402"}],"curies":[{"name":"wp","href":"https:\/\/api.w.org\/{rel}","templated":true}]}}